{"id":917,"date":"2023-01-26T17:20:54","date_gmt":"2023-01-26T17:20:54","guid":{"rendered":"https:\/\/natursert.com.tr\/p2\/?page_id=917"},"modified":"2026-01-12T00:17:16","modified_gmt":"2026-01-12T00:17:16","slug":"iletisim","status":"publish","type":"page","link":"https:\/\/natursert.com.tr\/index.php\/iletisim\/","title":{"rendered":"\u0130leti\u015fim"},"content":{"rendered":"<div id=\"pl-gb917-69e0e1cb1ba34\"  class=\"panel-layout\" ><div id=\"pg-gb917-69e0e1cb1ba34-0\"  class=\"panel-grid panel-no-style\" ><div id=\"pgc-gb917-69e0e1cb1ba34-0-0\"  class=\"panel-grid-cell\" ><div id=\"panel-gb917-69e0e1cb1ba34-0-0-0\" class=\"so-panel widget widget_themegrill_flash_service tg-widget tg-single-service panel-first-child\" data-index=\"0\" >\n<div class=\"tg-service-widget tg-service-layout-2\">\n\t<div class=\"service-wrapper\">\n\t\t<div class=\"service-icon-title-wrapper clearfix\">\n\t\t\t\t\t\t<div class=\"service-icon-wrap\"><i class=\"fa fa-institution\"><\/i><\/div>\n\t\t\t\t\t\t\t\t\t\t\t\t<h3 class=\"service-title-wrap\">\n\t\t\t\t\u0130LET\u0130\u015e\u0130M\t\t\t\t\t\t\t<\/h3>\n\t\t\t\t\t<\/div>\n\t\t\t\t\t<\/div>\n<\/div>\n<\/div><div id=\"panel-gb917-69e0e1cb1ba34-0-0-1\" class=\"so-panel widget widget_text\" data-index=\"1\" >\t\t\t<div class=\"textwidget\"><p><strong>Adres :<\/strong> Alsancak Mahallesi Cumhuriyet Bulvar\u0131 Kayhan \u0130\u015fhan\u0131 No:212 \u0130\u00e7 Kap\u0131 No:4 Konak \/ \u0130ZM\u0130R<\/p>\n<p><strong>Telefon :<\/strong> <a href=\"tel:+902323425322\">+90 232 342 53 22<\/a><\/p>\n<p><strong>Fax :<\/strong> <a href=\"fax:+902323425322\">+90 232 342 53 22<\/a><\/p>\n<p><strong>Mail :\u00a0<\/strong> <a href=\"mailto:info@natursert.com.tr\">info@natursert.com.tr<\/a><\/p>\n<\/div>\n\t\t<\/div><div id=\"panel-gb917-69e0e1cb1ba34-0-0-2\" class=\"widget_text so-panel widget widget_custom_html panel-last-child\" data-index=\"2\" ><div class=\"textwidget custom-html-widget\"><iframe src=\"https:\/\/www.google.com\/maps\/embed?pb=!1m18!1m12!1m3!1d322.93522901160344!2d27.141430523887344!3d38.43638888203083!2m3!1f0!2f0!3f0!3m2!1i1024!2i768!4f13.1!3m3!1m2!1s0x14bbd85bb3e60f37%3A0xe520f6d82ede627c!2sAlsancak%2C%20Cumhuriyet%20Blv%20No%3A212%2C%2035220%20Konak%2F%C4%B0zmir!5e0!3m2!1sen!2str!4v1768176984305!5m2!1sen!2str\" width=\"1920\" height=\"450\" style=\"border:0;\" allowfullscreen=\"\" loading=\"lazy\" referrerpolicy=\"no-referrer-when-downgrade\"><\/iframe><\/div><\/div><\/div><\/div><\/div>","protected":false},"excerpt":{"rendered":"<p>Adres : Alsancak Mahallesi Cumhuriyet Bulvar\u0131 Kayhan \u0130\u015fhan\u0131 No:212 \u0130\u00e7 Kap\u0131 No:4 Konak \/ \u0130ZM\u0130R Telefon : +90 232 342 [&hellip;]<\/p>\n","protected":false},"author":1,"featured_media":0,"parent":0,"menu_order":0,"comment_status":"closed","ping_status":"closed","template":"page-templates\/full-width.php","meta":{"footnotes":""},"class_list":["post-917","page","type-page","status-publish","hentry"],"_links":{"self":[{"href":"https:\/\/natursert.com.tr\/index.php\/wp-json\/wp\/v2\/pages\/917","targetHints":{"allow":["GET"]}}],"collection":[{"href":"https:\/\/natursert.com.tr\/index.php\/wp-json\/wp\/v2\/pages"}],"about":[{"href":"https:\/\/natursert.com.tr\/index.php\/wp-json\/wp\/v2\/types\/page"}],"author":[{"embeddable":true,"href":"https:\/\/natursert.com.tr\/index.php\/wp-json\/wp\/v2\/users\/1"}],"replies":[{"embeddable":true,"href":"https:\/\/natursert.com.tr\/index.php\/wp-json\/wp\/v2\/comments?post=917"}],"version-history":[{"count":10,"href":"https:\/\/natursert.com.tr\/index.php\/wp-json\/wp\/v2\/pages\/917\/revisions"}],"predecessor-version":[{"id":1325,"href":"https:\/\/natursert.com.tr\/index.php\/wp-json\/wp\/v2\/pages\/917\/revisions\/1325"}],"wp:attachment":[{"href":"https:\/\/natursert.com.tr\/index.php\/wp-json\/wp\/v2\/media?parent=917"}],"curies":[{"name":"wp","href":"https:\/\/api.w.org\/{rel}","templated":true}]}}