{"id":853,"date":"2023-01-26T16:04:47","date_gmt":"2023-01-26T16:04:47","guid":{"rendered":"https:\/\/natursert.com.tr\/p2\/?page_id=853"},"modified":"2024-02-28T19:52:30","modified_gmt":"2024-02-28T19:52:30","slug":"dokumanlar","status":"publish","type":"page","link":"https:\/\/natursert.com.tr\/index.php\/dokumanlar\/","title":{"rendered":"Dok\u00fcmanlar"},"content":{"rendered":"<div id=\"pl-gb853-69e0e09401949\"  class=\"panel-layout\" ><div id=\"pg-gb853-69e0e09401949-0\"  class=\"panel-grid panel-no-style\" ><div id=\"pgc-gb853-69e0e09401949-0-0\"  class=\"panel-grid-cell\" ><div id=\"panel-gb853-69e0e09401949-0-0-0\" class=\"so-panel widget widget_themegrill_flash_service tg-widget tg-single-service panel-first-child\" data-index=\"0\" >\n<div class=\"tg-service-widget tg-service-layout-2\">\n\t<div class=\"service-wrapper\">\n\t\t<div class=\"service-icon-title-wrapper clearfix\">\n\t\t\t\t\t\t<div class=\"service-icon-wrap\"><i class=\"fa fa-wpforms\"><\/i><\/div>\n\t\t\t\t\t\t\t\t\t\t\t\t<h3 class=\"service-title-wrap\">\n\t\t\t\tFORMLAR\t\t\t\t\t\t\t<\/h3>\n\t\t\t\t\t<\/div>\n\t\t\t\t<div class=\"service-content-wrap\">D\u00fczenlenebilir Formlar\u0131 Buradan \u0130ndirebilirsiniz.<\/div>\n\t\t\t\t\t<\/div>\n<\/div>\n<\/div><div id=\"panel-gb853-69e0e09401949-0-0-1\" class=\"so-panel widget widget_text\" data-index=\"1\" >\t\t\t<div class=\"textwidget\"><ul>\n<li><a href=\"https:\/\/natursert.com.tr\/wp-content\/uploads\/2023\/01\/Dokumanlar\/wrd\/PR01-FR01-ORGANIK-TARIM-BASVURU-FORMU.docx\" target=\"_blank\" rel=\"noopener\">PR01-FR01 ORGAN\u0130K TARIM BA\u015eVURU FORMU<\/a><\/li>\n<\/ul>\n<ul>\n<li><a href=\"https:\/\/natursert.com.tr\/wp-content\/uploads\/2023\/03\/PR01-S01-ORGANIK-TARIM-SOZLESMESI.docx\">PR01-S01 ORGAN\u0130K TARIM S\u00d6ZLE\u015eMES\u0130<\/a><\/li>\n<\/ul>\n<ul>\n<li><a href=\"https:\/\/natursert.com.tr\/wp-content\/uploads\/2023\/01\/Dokumanlar\/wrd\/PR04-FR01-SIKAYET-VE-ITIRAZ-FORMU.docx\" target=\"_blank\" rel=\"noopener\">PR04-FR01 \u015e\u0130KAYET VE \u0130T\u0130RAZ FORMU<\/a><\/li>\n<\/ul>\n<ul>\n<li><a href=\"https:\/\/natursert.com.tr\/wp-content\/uploads\/2023\/01\/Dokumanlar\/wrd\/PR11-FR01-IS-BASVURU-FORMU.docx\" target=\"_blank\" rel=\"noopener\">PR11-FR01 \u0130\u015e BA\u015eVURU FORMU<\/a><\/li>\n<\/ul>\n<ul>\n<li><a href=\"https:\/\/natursert.com.tr\/wp-content\/uploads\/2023\/01\/Dokumanlar\/wrd\/PR16-FR01-UZAKTAN-KONTROL-BASVURU-FORMU.doc\" target=\"_blank\" rel=\"noopener\">PR16-FR01 UZAKTAN KONTROL BA\u015eVURU FORMU<\/a><\/li>\n<\/ul>\n<\/div>\n\t\t<\/div><div id=\"panel-gb853-69e0e09401949-0-0-2\" class=\"so-panel widget widget_themegrill_flash_service tg-widget tg-single-service\" data-index=\"2\" >\n<div class=\"tg-service-widget tg-service-layout-2\">\n\t<div class=\"service-wrapper\">\n\t\t<div class=\"service-icon-title-wrapper clearfix\">\n\t\t\t\t\t\t<div class=\"service-icon-wrap\"><i class=\"fa fa-warning\"><\/i><\/div>\n\t\t\t\t\t\t\t\t\t\t\t\t<h3 class=\"service-title-wrap\">\n\t\t\t\tPROSED\u00dcRLER\t\t\t\t\t\t\t<\/h3>\n\t\t\t\t\t<\/div>\n\t\t\t\t<div class=\"service-content-wrap\">Gerekli D\u00f6k\u00fcmanlar\u0131n\u0131 Buradan \u0130ndirebilirsiniz.<\/div>\n\t\t\t\t\t<\/div>\n<\/div>\n<\/div><div id=\"panel-gb853-69e0e09401949-0-0-3\" class=\"so-panel widget widget_text\" data-index=\"3\" >\t\t\t<div class=\"textwidget\"><ul>\n<li><a href=\"https:\/\/natursert.com.tr\/wp-content\/uploads\/2023\/01\/Dokumanlar\/pdf\/KEK-EK-04-NATURSERT-ORGANIK-TARIM-DENETIM-VE-BELGELENDIRME-PROGRAMI.pdf\" target=\"_blank\" rel=\"noopener\">KEK EK-04 NATURSERT ORGAN\u0130K TARIM DENET\u0130M VE BELGELEND\u0130RME PROGRAMI<\/a><\/li>\n<\/ul>\n<ul>\n<li><a href=\"https:\/\/natursert.com.tr\/wp-content\/uploads\/2023\/01\/Dokumanlar\/pdf\/PR01-ORGANIK-TARIM-KONTROL-VE-SERTIFIKASYON-PROSEDURU.pdf\" target=\"_blank\" rel=\"noopener\">PR01 ORGAN\u0130K TARIM KONTROL VE SERT\u0130F\u0130KASYON PROSED\u00dcR\u00dc<\/a><\/li>\n<\/ul>\n<ul>\n<li><a href=\"https:\/\/natursert.com.tr\/wp-content\/uploads\/2023\/01\/Dokumanlar\/pdf\/PR01-TLM01-SERTIFIKA-VE-LOGO-KULLANIM-TALIMATI.pdf\" target=\"_blank\" rel=\"noopener\">PR01-TLM01 SERT\u0130F\u0130KA VE LOGO KULLANIM TAL\u0130MATI<\/a><\/li>\n<\/ul>\n<ul>\n<li><a href=\"https:\/\/natursert.com.tr\/wp-content\/uploads\/2023\/01\/Dokumanlar\/pdf\/PR02-TASERON-SECIM-PROSEDURU.pdf\" target=\"_blank\" rel=\"noopener\">PR02 TA\u015eERON SE\u00c7\u0130M PROSED\u00dcR\u00dc<\/a><\/li>\n<\/ul>\n<ul>\n<li><a href=\"https:\/\/natursert.com.tr\/wp-content\/uploads\/2023\/01\/Dokumanlar\/pdf\/PR03-YAPTIRIM-PROSEDURU.pdf\" target=\"_blank\" rel=\"noopener\">PR03 YAPTIRIM PROSED\u00dcR\u00dc<\/a><\/li>\n<\/ul>\n<ul>\n<li><a href=\"https:\/\/natursert.com.tr\/wp-content\/uploads\/2023\/01\/Dokumanlar\/pdf\/PR04-ITIRAZ-VE-SIKAYET-PROSEDURU.pdf\" target=\"_blank\" rel=\"noopener\">PR04 \u0130T\u0130RAZ VE \u015e\u0130KAYET PROSED\u00dcR\u00dc<\/a><\/li>\n<\/ul>\n<ul>\n<li><a href=\"https:\/\/natursert.com.tr\/wp-content\/uploads\/2023\/01\/Dokumanlar\/pdf\/PR04-TLM01-ITIRAZ-VE-SIKAYET-DEGERLENDIRME-KOMITESI-OLUSUMU-VE-CALISMA-TALIMATI.pdf\" target=\"_blank\" rel=\"noopener\">PR04-TLM01 \u0130T\u0130RAZ VE \u015e\u0130KAYET DE\u011eERLEND\u0130RME KOM\u0130TES\u0130 OLU\u015eUMU VE \u00c7ALI\u015eMA TAL\u0130MATI<\/a><\/li>\n<\/ul>\n<ul>\n<li><a href=\"https:\/\/natursert.com.tr\/wp-content\/uploads\/2023\/01\/Dokumanlar\/pdf\/PR12-MUTESEBBIS-DUZELTICI-VE-ONLEYICI-FAALIYETLER-PROSEDURU.pdf\" target=\"_blank\" rel=\"noopener\">PR12 M\u00dcTE\u015eEBB\u0130S D\u00dcZELT\u0130C\u0130 VE \u00d6NLEY\u0130C\u0130 FAAL\u0130YETLER PROSED\u00dcR\u00dc<\/a><\/li>\n<\/ul>\n<ul>\n<li><a href=\"https:\/\/natursert.com.tr\/wp-content\/uploads\/2023\/01\/Dokumanlar\/pdf\/PR16-UZAKTAN-DENETIM-PROSEDURU.pdf\" target=\"_blank\" rel=\"noopener\">PR16 UZAKTAN DENET\u0130M PROSED\u00dcR\u00dc<\/a><\/li>\n<\/ul>\n<\/div>\n\t\t<\/div><div id=\"panel-gb853-69e0e09401949-0-0-4\" class=\"so-panel widget widget_themegrill_flash_service tg-widget tg-single-service\" data-index=\"4\" >\n<div class=\"tg-service-widget tg-service-layout-2\">\n\t<div class=\"service-wrapper\">\n\t\t<div class=\"service-icon-title-wrapper clearfix\">\n\t\t\t\t\t\t<div class=\"service-icon-wrap\"><i class=\"fa fa-copy\"><\/i><\/div>\n\t\t\t\t\t\t\t\t\t\t\t\t<h3 class=\"service-title-wrap\">\n\t\t\t\tTAL\u0130MATLAR\t\t\t\t\t\t\t<\/h3>\n\t\t\t\t\t<\/div>\n\t\t\t\t<div class=\"service-content-wrap\">Gerekli Talimatlar\u0131 Buradan \u0130ndirebilirsiniz.<\/div>\n\t\t\t\t\t<\/div>\n<\/div>\n<\/div><div id=\"panel-gb853-69e0e09401949-0-0-5\" class=\"so-panel widget widget_text panel-last-child\" data-index=\"5\" >\t\t\t<div class=\"textwidget\"><ul>\n<li><a href=\"https:\/\/natursert.com.tr\/wp-content\/uploads\/2023\/01\/Dokumanlar\/pdf\/PR01-TLM01-SERTIFIKA-VE-LOGO-KULLANIM-TALIMATI.pdf\" target=\"_blank\" rel=\"noopener\">PR01-TLM01 SERT\u0130F\u0130KA VE LOGO KULLANIM TAL\u0130MATI<\/a><\/li>\n<\/ul>\n<ul>\n<li><a href=\"https:\/\/natursert.com.tr\/wp-content\/uploads\/2023\/01\/Dokumanlar\/pdf\/PR04-TLM01-ITIRAZ-VE-SIKAYET-DEGERLENDIRME-KOMITESI-OLUSUMU-VE-CALISMA-TALIMATI.pdf\" target=\"_blank\" rel=\"noopener\">PR04-TLM01 \u0130T\u0130RAZ VE \u015e\u0130KAYET DE\u011eERLEND\u0130RME KOM\u0130TES\u0130 OLU\u015eUMU VE \u00c7ALI\u015eMA TAL\u0130MATI<\/a><\/li>\n<\/ul>\n<p>&nbsp;<\/p>\n<p>&nbsp;<\/p>\n<\/div>\n\t\t<\/div><\/div><\/div><\/div>","protected":false},"excerpt":{"rendered":"<p>PR01-FR01 ORGAN\u0130K TARIM BA\u015eVURU FORMU PR01-S01 ORGAN\u0130K TARIM S\u00d6ZLE\u015eMES\u0130 PR04-FR01 \u015e\u0130KAYET VE \u0130T\u0130RAZ FORMU PR11-FR01 \u0130\u015e BA\u015eVURU FORMU PR16-FR01 UZAKTAN [&hellip;]<\/p>\n","protected":false},"author":1,"featured_media":0,"parent":0,"menu_order":0,"comment_status":"closed","ping_status":"closed","template":"page-templates\/full-width.php","meta":{"footnotes":""},"class_list":["post-853","page","type-page","status-publish","hentry"],"_links":{"self":[{"href":"https:\/\/natursert.com.tr\/index.php\/wp-json\/wp\/v2\/pages\/853","targetHints":{"allow":["GET"]}}],"collection":[{"href":"https:\/\/natursert.com.tr\/index.php\/wp-json\/wp\/v2\/pages"}],"about":[{"href":"https:\/\/natursert.com.tr\/index.php\/wp-json\/wp\/v2\/types\/page"}],"author":[{"embeddable":true,"href":"https:\/\/natursert.com.tr\/index.php\/wp-json\/wp\/v2\/users\/1"}],"replies":[{"embeddable":true,"href":"https:\/\/natursert.com.tr\/index.php\/wp-json\/wp\/v2\/comments?post=853"}],"version-history":[{"count":29,"href":"https:\/\/natursert.com.tr\/index.php\/wp-json\/wp\/v2\/pages\/853\/revisions"}],"predecessor-version":[{"id":1277,"href":"https:\/\/natursert.com.tr\/index.php\/wp-json\/wp\/v2\/pages\/853\/revisions\/1277"}],"wp:attachment":[{"href":"https:\/\/natursert.com.tr\/index.php\/wp-json\/wp\/v2\/media?parent=853"}],"curies":[{"name":"wp","href":"https:\/\/api.w.org\/{rel}","templated":true}]}}