{"id":831,"date":"2023-01-25T19:50:07","date_gmt":"2023-01-25T19:50:07","guid":{"rendered":"https:\/\/natursert.com.tr\/p2\/?page_id=831"},"modified":"2023-01-30T19:59:20","modified_gmt":"2023-01-30T19:59:20","slug":"mevzuatlar","status":"publish","type":"page","link":"https:\/\/natursert.com.tr\/index.php\/mevzuatlar\/","title":{"rendered":"Mevzuatlar"},"content":{"rendered":"<div id=\"pl-gb831-69e0e1b4ddb05\"  class=\"panel-layout\" ><div id=\"pg-gb831-69e0e1b4ddb05-0\"  class=\"panel-grid panel-no-style\" ><div id=\"pgc-gb831-69e0e1b4ddb05-0-0\"  class=\"panel-grid-cell\" ><div id=\"panel-gb831-69e0e1b4ddb05-0-0-0\" class=\"so-panel widget widget_themegrill_flash_service tg-widget tg-single-service panel-first-child\" data-index=\"0\" >\n<div class=\"tg-service-widget tg-service-layout-2\">\n\t<div class=\"service-wrapper\">\n\t\t<div class=\"service-icon-title-wrapper clearfix\">\n\t\t\t\t\t\t<div class=\"service-icon-wrap\"><i class=\"fa fa-envira\"><\/i><\/div>\n\t\t\t\t\t\t\t\t\t\t\t\t<h3 class=\"service-title-wrap\">\n\t\t\t\tTR ORGAN\u0130K PROGRAMI\t\t\t\t\t\t\t<\/h3>\n\t\t\t\t\t<\/div>\n\t\t\t\t\t<\/div>\n<\/div>\n<\/div><div id=\"panel-gb831-69e0e1b4ddb05-0-0-1\" class=\"so-panel widget widget_text panel-last-child\" data-index=\"1\" >\t\t\t<div class=\"textwidget\"><ul>\n<li><a href=\"https:\/\/natursert.com.tr\/wp-content\/uploads\/2023\/01\/Mevzuatlar\/organik-tarimin-esaslari-ve-uygulanmasina-iliskin-yonetmelik_28193.pdf\" target=\"_blank\" rel=\"noopener\">ORGAN\u0130K TARIMIN ESASLARI VE UYGULANMASINA \u0130L\u0130\u015eK\u0130N Y\u00d6NETMEL\u0130K<\/a><\/li>\n<\/ul>\n<ul>\n<li><a href=\"https:\/\/natursert.com.tr\/wp-content\/uploads\/2023\/01\/Mevzuatlar\/Belge_244.pdf\" target=\"_blank\" rel=\"noopener\">ORGAN\u0130K TARIM KANUNU<\/a><\/li>\n<\/ul>\n<ul>\n<li><a href=\"https:\/\/natursert.com.tr\/wp-content\/uploads\/2023\/01\/Mevzuatlar\/turk-gida-kodeksi-gida-ile-temas-eden-madde-ve-malzemelere-dair-yonetmelik_19420.pdf\" target=\"_blank\" rel=\"noopener\">T\u00dcRK GIDA KODEKS\u0130 GIDA ile TEMAS EDEN MADDE ve MALZEMELERE DA\u0130R Y\u00d6NETMEL\u0130K<\/a><\/li>\n<\/ul>\n<ul>\n<li><a href=\"https:\/\/natursert.com.tr\/wp-content\/uploads\/2023\/01\/Mevzuatlar\/turk-gida-kodeksi-gida-ile-temas-eden-madde-ve-malzemelere-dair-yonetmelik_19420-1.pdf\" target=\"_blank\" rel=\"noopener\">T\u00dcRK GIDA KODEKS\u0130 GIDA ET\u0130KETLEME ve T\u00dcKET\u0130C\u0130LER\u0130 B\u0130LG\u0130LEND\u0130RME\u00a0 Y\u00d6NETMEL\u0130\u011e\u0130 HAKKINDA KILAVUZU<\/a><\/li>\n<\/ul>\n<p>&nbsp;<\/p>\n<p>&nbsp;<\/p>\n<p>&nbsp;<\/p>\n<\/div>\n\t\t<\/div><\/div><\/div><\/div>","protected":false},"excerpt":{"rendered":"<p>ORGAN\u0130K TARIMIN ESASLARI VE UYGULANMASINA \u0130L\u0130\u015eK\u0130N Y\u00d6NETMEL\u0130K ORGAN\u0130K TARIM KANUNU T\u00dcRK GIDA KODEKS\u0130 GIDA ile TEMAS EDEN MADDE ve MALZEMELERE [&hellip;]<\/p>\n","protected":false},"author":1,"featured_media":0,"parent":0,"menu_order":0,"comment_status":"closed","ping_status":"closed","template":"page-templates\/full-width.php","meta":{"footnotes":""},"class_list":["post-831","page","type-page","status-publish","hentry"],"_links":{"self":[{"href":"https:\/\/natursert.com.tr\/index.php\/wp-json\/wp\/v2\/pages\/831","targetHints":{"allow":["GET"]}}],"collection":[{"href":"https:\/\/natursert.com.tr\/index.php\/wp-json\/wp\/v2\/pages"}],"about":[{"href":"https:\/\/natursert.com.tr\/index.php\/wp-json\/wp\/v2\/types\/page"}],"author":[{"embeddable":true,"href":"https:\/\/natursert.com.tr\/index.php\/wp-json\/wp\/v2\/users\/1"}],"replies":[{"embeddable":true,"href":"https:\/\/natursert.com.tr\/index.php\/wp-json\/wp\/v2\/comments?post=831"}],"version-history":[{"count":14,"href":"https:\/\/natursert.com.tr\/index.php\/wp-json\/wp\/v2\/pages\/831\/revisions"}],"predecessor-version":[{"id":1218,"href":"https:\/\/natursert.com.tr\/index.php\/wp-json\/wp\/v2\/pages\/831\/revisions\/1218"}],"wp:attachment":[{"href":"https:\/\/natursert.com.tr\/index.php\/wp-json\/wp\/v2\/media?parent=831"}],"curies":[{"name":"wp","href":"https:\/\/api.w.org\/{rel}","templated":true}]}}