{"id":811,"date":"2023-01-25T19:06:03","date_gmt":"2023-01-25T19:06:03","guid":{"rendered":"https:\/\/natursert.com.tr\/p2\/?page_id=811"},"modified":"2023-01-30T15:22:33","modified_gmt":"2023-01-30T15:22:33","slug":"hakkimizda","status":"publish","type":"page","link":"https:\/\/natursert.com.tr\/index.php\/hakkimizda\/","title":{"rendered":"Hakk\u0131m\u0131zda"},"content":{"rendered":"<div id=\"pl-gb811-69e0e17b2f839\"  class=\"panel-layout\" ><div id=\"pg-gb811-69e0e17b2f839-0\"  class=\"panel-grid panel-no-style\" ><div id=\"pgc-gb811-69e0e17b2f839-0-0\"  class=\"panel-grid-cell\" ><div id=\"panel-gb811-69e0e17b2f839-0-0-0\" class=\"so-panel widget widget_text panel-first-child panel-last-child\" data-index=\"0\" >\t\t\t<div class=\"textwidget\"><h2>Hakk\u0131m\u0131zda<\/h2>\n<p>Natursert G\u00f6zetim Kontrol Ve Sertifikasyon Hizmetleri Ltd. \u015eti. 2019 y\u0131l\u0131nda Organik Tar\u0131m Kontrol ve Sertifikasyon alan\u0131nda faaliyet g\u00f6stermek \u00fczere \u0130zmir\u2019de kurulmu\u015ftur. Firmam\u0131z TR-OT-054 kodu ile; 5262 Say\u0131l\u0131 Organik Tar\u0131m Kanunu ve Organik Tar\u0131m\u0131n Esaslar\u0131 ve Uygulamas\u0131na \u0130li\u015fkin Y\u00f6netmelik h\u00fck\u00fcmlerince, Organik Tar\u0131m Komitesi\u2019nin karar\u0131 ile T.C. Tar\u0131m ve Orman Bakanl\u0131\u011f\u0131 taraf\u0131ndan Organik Tar\u0131m Kontrol ve Sertifikasyon Kurulu\u015fu olarak yetkilendirilmi\u015ftir.<\/p>\n<hr \/>\n<h3>Misyonumuz<\/h3>\n<p>Ba\u011f\u0131ms\u0131z, Tarafs\u0131z, E\u015fit ve Gizlilik ilkelerine ba\u011fl\u0131 kalarak ulusal ve uluslararas\u0131 mevzuatlar do\u011frultusunda, gerekli kontrol ve de\u011ferlendirmeleri ger\u00e7ekle\u015ftirerek sertifikaland\u0131rmaktad\u0131r.<\/p>\n<hr \/>\n<h3>Vizyonumuz<\/h3>\n<p>Natursert, T\u00fcrkiye\u2019de organik tar\u0131m\u0131n geli\u015fmesine katk\u0131 sa\u011flaman\u0131n yan\u0131 s\u0131ra,<br \/>\ngelecekte \u00fclkemizde sertifikaland\u0131r\u0131lm\u0131\u015f \u00fcr\u00fcnlerimizin ihracat\u0131n\u0131n yap\u0131ld\u0131\u011f\u0131 ve Avrupa Birli\u011fi \u00fclkeleri dahil olmak \u00fczere, sekt\u00f6rdeki<br \/>\nulusal ve uluslararas\u0131 firmalarla kalite y\u00f6n\u00fcnden rekabeti hedef edinmi\u015ftir. Ayr\u0131ca, EU, NOP, BIOSUISSE, JAS, GLOBALGAP akreditasyonu\u2019nu hedeflemektedir. Natursert, kontrol ve sertifikasyon faaliyetlerinin yerine getirilmesinde \u00f6ncelikle KAL\u0130TE, G\u00dcVEN ve \u0130ST\u0130HDAM sa\u011flamay\u0131 esas almaktad\u0131r.<\/p>\n<\/div>\n\t\t<\/div><\/div><\/div><\/div>","protected":false},"excerpt":{"rendered":"<p>Hakk\u0131m\u0131zda Natursert G\u00f6zetim Kontrol Ve Sertifikasyon Hizmetleri Ltd. \u015eti. 2019 y\u0131l\u0131nda Organik Tar\u0131m Kontrol ve Sertifikasyon alan\u0131nda faaliyet g\u00f6stermek \u00fczere [&hellip;]<\/p>\n","protected":false},"author":1,"featured_media":767,"parent":0,"menu_order":0,"comment_status":"closed","ping_status":"closed","template":"page-templates\/full-width.php","meta":{"footnotes":""},"class_list":["post-811","page","type-page","status-publish","has-post-thumbnail","hentry"],"_links":{"self":[{"href":"https:\/\/natursert.com.tr\/index.php\/wp-json\/wp\/v2\/pages\/811","targetHints":{"allow":["GET"]}}],"collection":[{"href":"https:\/\/natursert.com.tr\/index.php\/wp-json\/wp\/v2\/pages"}],"about":[{"href":"https:\/\/natursert.com.tr\/index.php\/wp-json\/wp\/v2\/types\/page"}],"author":[{"embeddable":true,"href":"https:\/\/natursert.com.tr\/index.php\/wp-json\/wp\/v2\/users\/1"}],"replies":[{"embeddable":true,"href":"https:\/\/natursert.com.tr\/index.php\/wp-json\/wp\/v2\/comments?post=811"}],"version-history":[{"count":21,"href":"https:\/\/natursert.com.tr\/index.php\/wp-json\/wp\/v2\/pages\/811\/revisions"}],"predecessor-version":[{"id":1183,"href":"https:\/\/natursert.com.tr\/index.php\/wp-json\/wp\/v2\/pages\/811\/revisions\/1183"}],"wp:featuredmedia":[{"embeddable":true,"href":"https:\/\/natursert.com.tr\/index.php\/wp-json\/wp\/v2\/media\/767"}],"wp:attachment":[{"href":"https:\/\/natursert.com.tr\/index.php\/wp-json\/wp\/v2\/media?parent=811"}],"curies":[{"name":"wp","href":"https:\/\/api.w.org\/{rel}","templated":true}]}}