{"id":759,"date":"2023-01-25T13:10:22","date_gmt":"2023-01-25T13:10:22","guid":{"rendered":"https:\/\/natursert.com.tr\/p2\/?page_id=759"},"modified":"2023-01-30T15:48:57","modified_gmt":"2023-01-30T15:48:57","slug":"covid-bilgilendirme","status":"publish","type":"page","link":"https:\/\/natursert.com.tr\/index.php\/covid-bilgilendirme\/","title":{"rendered":"Covid Bilgilendirme"},"content":{"rendered":"<div id=\"pl-gb759-69e0e435d7322\"  class=\"panel-layout\" ><div id=\"pg-gb759-69e0e435d7322-0\"  class=\"panel-grid panel-no-style\" ><div id=\"pgc-gb759-69e0e435d7322-0-0\"  class=\"panel-grid-cell\" ><div id=\"panel-gb759-69e0e435d7322-0-0-0\" class=\"so-panel widget widget_themegrill_flash_service tg-widget tg-single-service panel-first-child\" data-index=\"0\" >\n<div class=\"tg-service-widget tg-service-layout-2\">\n\t<div class=\"service-wrapper\">\n\t\t<div class=\"service-icon-title-wrapper clearfix\">\n\t\t\t\t\t\t<div class=\"service-icon-wrap\"><i class=\"fa fa-asterisk\"><\/i><\/div>\n\t\t\t\t\t\t\t\t\t\t\t\t<h3 class=\"service-title-wrap\">\n\t\t\t\tKORONAV\u0130R\u00dcS (COVID-19) TEDB\u0130RLER\u0130\t\t\t\t\t\t\t<\/h3>\n\t\t\t\t\t<\/div>\n\t\t\t\t\t<\/div>\n<\/div>\n<\/div><div id=\"panel-gb759-69e0e435d7322-0-0-1\" class=\"so-panel widget widget_text panel-last-child\" data-index=\"1\" >\t\t\t<div class=\"textwidget\"><p>D\u00fcnya Sa\u011fl\u0131k \u00d6rg\u00fct\u00fc taraf\u0131ndan &#8220;Pandemi&#8221; kapsam\u0131na al\u0131nan Yeni Korona vir\u00fcs (COVID-19) salg\u0131n\u0131n\u0131n yay\u0131lmas\u0131n\u0131n \u00f6nlenmesine y\u00f6nelik tedbirler kapsam\u0131nda, 01.06.2021 tarihi itibari ile \u2018kontroll\u00fc normalle\u015fme\u2019 s\u00fcreci ba\u015flam\u0131\u015ft\u0131r.<\/p>\n<p>Koronavir\u00fcs salg\u0131n\u0131ndan korunmak i\u00e7in sosyal mesafenin korunmas\u0131, hijyen kurallar\u0131 ve s\u0131k\u00e7a ifade edilen di\u011fer \u00f6nlemlerin de al\u0131nmas\u0131 gerekmektedir.<\/p>\n<p>&#8220;Ofis i\u00e7i giri\u015f esnas\u0131nda temass\u0131z ate\u015f \u00f6l\u00e7erler ile ate\u015f \u00f6l\u00e7\u00fcm\u00fc yap\u0131lmas\u0131 ve y\u00fcksek ate\u015f (38 C \u00fczeri) tespit edilmesi halinde i\u015fyeri hekimine y\u00f6nlendirme yap\u0131lmas\u0131 gereklidir.<br \/>\nOfis i\u00e7erisinde bulunan dezenfektanlardan kullan\u0131m\u0131 gerekmektedir.<br \/>\nOfiste kalma s\u00fcresi boyunca maskelerin tak\u0131l\u0131 kalmas\u0131 gerekmektedir.<br \/>\nSaha denetiminde temas yolu ile ge\u00e7i\u015f kontrol sistemi bulunan i\u015fyerlerinde bula\u015f riskine kar\u015f\u0131 temass\u0131z sistemlerin kullan\u0131lmas\u0131 veya ge\u00e7ici s\u00fcre ile bu sistemlerin kullan\u0131lmamas\u0131 gerekmektedir.<br \/>\nSaha denetimlerinde kapal\u0131 alan yerine a\u00e7\u0131k alanlar tercih edilmelidir.<br \/>\nT\u00fcm \u00e7al\u0131\u015fanlar\u0131n sosyal mesafe kural\u0131na uymas\u0131, t\u00fcm ki\u015fisel koruyucu tedbirlere uygun \u015fekilde (maskelerin a\u011f\u0131z ve burnu kapatacak \u015fekilde s\u00fcrekli olarak tak\u0131lmas\u0131) uymas\u0131 gerekmektedir.<br \/>\nDenetim alan\u0131nda ayn\u0131 anda bulunan ki\u015fi say\u0131s\u0131n\u0131n asgari oranda tutulmas\u0131 i\u00e7in planlama yap\u0131lmas\u0131 ve m\u00fcmk\u00fcnse y\u00fcz y\u00fcze de\u011fil yan yana \u00e7al\u0131\u015fman\u0131n tercih edilmesi \u00f6nerilmektedir.<br \/>\nDenetim ortam\u0131na elle temas edilmesine gerek duyulmayan yeterli say\u0131da \u00e7\u00f6p kutusu yerle\u015ftirilmesi \u00f6nerilmektedir.<br \/>\n\u00c7al\u0131\u015fanlar ve denetim ekibi \u00fcyeleri, selamla\u015fma ve vedala\u015fma s\u0131ras\u0131nda tokala\u015fma ve sar\u0131lmadan ka\u00e7\u0131nmal\u0131d\u0131r.&#8221;<\/p>\n<p>&#8220;T.C. Tar\u0131m ve Orman Bakanl\u0131\u011f\u0131 sayfas\u0131nda yer alan koronavir\u00fcs (covid-19) \u00f6nlemlerine a\u015fa\u011f\u0131daki linkten<br \/>\nula\u015fabilirsiniz.<br \/>\n\u2022 \u00c7\u0130FT\u00c7\u0130LER\u0130M\u0130Z \u0130\u00c7\u0130N KORONOV\u0130R\u00dcS TEDB\u0130RLER\u0130 :<br \/>\n\u2022 TARLALALRDA ALINACAK KORONA V\u0130R\u00dcS TEDB\u0130RLER\u0130;<br \/>\n\u2022 HAYVANCILIK \u0130\u015eLETMELER\u0130NDE ALINACAK KORONAV\u0130R\u00dcS TEDB\u0130RLER\u0130;<br \/>\n\u2022 GIDA \u0130\u015eLETMELER\u0130NDE ALINACAK KORONAV\u0130R\u00dcS TEDB\u0130RLER\u0130;<br \/>\n\u2022 K\u00dcMESLERDE UYGULANACAK KORONAV\u0130R\u00dcS TEDB\u0130RLER\u0130<br \/>\n\u2022 SERALARDA ALINACAK KRONAV\u0130R\u00dcS TEDB\u0130RLER\u0130;<br \/>\n\u2022 VETER\u0130NER HEK\u0130MLER\u0130N ALMASI GEREKEN KORONAV\u0130R\u00dcS TEDB\u0130RLER\u0130;<br \/>\nKapsam\u0131nda al\u0131nacak genel \u00f6nlemler i\u00e7in a\u015fa\u011f\u0131daki linkten ula\u015fabilirsiniz.&#8221;<\/p>\n<p><a href=\"https:\/\/www.tarimorman.gov.tr\/Sayfalar\/Detay.aspx?SayfaId=52\" target=\"_blank\" rel=\"noopener\">https:\/\/www.tarimorman.gov.tr\/Sayfalar\/Detay.aspx?SayfaId=52<\/a><\/p>\n<\/div>\n\t\t<\/div><\/div><\/div><\/div>","protected":false},"excerpt":{"rendered":"<p>D\u00fcnya Sa\u011fl\u0131k \u00d6rg\u00fct\u00fc taraf\u0131ndan &#8220;Pandemi&#8221; kapsam\u0131na al\u0131nan Yeni Korona vir\u00fcs (COVID-19) salg\u0131n\u0131n\u0131n yay\u0131lmas\u0131n\u0131n \u00f6nlenmesine y\u00f6nelik tedbirler kapsam\u0131nda, 01.06.2021 tarihi itibari [&hellip;]<\/p>\n","protected":false},"author":1,"featured_media":0,"parent":0,"menu_order":0,"comment_status":"closed","ping_status":"closed","template":"page-templates\/full-width.php","meta":{"footnotes":""},"class_list":["post-759","page","type-page","status-publish","hentry"],"_links":{"self":[{"href":"https:\/\/natursert.com.tr\/index.php\/wp-json\/wp\/v2\/pages\/759","targetHints":{"allow":["GET"]}}],"collection":[{"href":"https:\/\/natursert.com.tr\/index.php\/wp-json\/wp\/v2\/pages"}],"about":[{"href":"https:\/\/natursert.com.tr\/index.php\/wp-json\/wp\/v2\/types\/page"}],"author":[{"embeddable":true,"href":"https:\/\/natursert.com.tr\/index.php\/wp-json\/wp\/v2\/users\/1"}],"replies":[{"embeddable":true,"href":"https:\/\/natursert.com.tr\/index.php\/wp-json\/wp\/v2\/comments?post=759"}],"version-history":[{"count":8,"href":"https:\/\/natursert.com.tr\/index.php\/wp-json\/wp\/v2\/pages\/759\/revisions"}],"predecessor-version":[{"id":1209,"href":"https:\/\/natursert.com.tr\/index.php\/wp-json\/wp\/v2\/pages\/759\/revisions\/1209"}],"wp:attachment":[{"href":"https:\/\/natursert.com.tr\/index.php\/wp-json\/wp\/v2\/media?parent=759"}],"curies":[{"name":"wp","href":"https:\/\/api.w.org\/{rel}","templated":true}]}}