{"id":643,"date":"2017-01-02T08:28:52","date_gmt":"2017-01-02T08:28:52","guid":{"rendered":"https:\/\/demo.themegrill.com\/flash-default-2\/?page_id=5"},"modified":"2023-01-27T16:50:36","modified_gmt":"2023-01-27T16:50:36","slug":"home","status":"publish","type":"page","link":"https:\/\/natursert.com.tr\/","title":{"rendered":"Home"},"content":{"rendered":"<div id=\"pl-643\"  class=\"panel-layout\" ><div id=\"pg-643-0\"  class=\"panel-grid panel-has-style\" ><div class=\"siteorigin-panels-stretch panel-row-style panel-row-style-for-643-0\" data-stretch-type=\"full-stretched\" ><div id=\"pgc-643-0-0\"  class=\"panel-grid-cell\" ><div id=\"panel-643-0-0-0\" class=\"so-panel widget widget_themegrill_flash_slider tg-section tg-slider-widget panel-first-child panel-last-child\" data-index=\"0\" ><div class=\"tg-slider-widget slider-light slider-content-center slider-control-center full-width\">\n\t<div class=\"swiper-container\">\n\t\t<div class=\"swiper-wrapper\">\n\t\t\t\n\t\t\t\t\t<div class=\"swiper-slide\">\n\t\t\t\t\t\t<figure class=\"slider-image\" >\n\t\t\t\t\t\t\t<img width=\"1920\" height=\"700\"\t\t\t\t\t\t\t\t\tsrc=\"https:\/\/natursert.com.tr\/wp-content\/uploads\/2023\/01\/14.jpg\"\n\t\t\t\t\t\t\t\t\talt=\"\"\n\t\t\t\t\t\t\t\t\ttitle=\"\"\/>\n\t\t\t\t\t\t\t<div class=\"overlay\"><\/div>\n\t\t\t\t\t\t<\/figure>\n\t\t\t\t\t\t<div class=\"slider-content\">\n\t\t\t\t\t\t\t<div class=\"tg-container\">\n\t\t\t\t\t\t\t\t<div class=\"caption-title\"><\/div>\n\t\t\t\t\t\t\t\t<div class=\"caption-desc\"><\/div>\n\t\t\t\t\t\t\t\t\t\t\t\t\t\t\t<\/div>\n\t\t\t\t\t\t<\/div>\n\t\t\t\t\t<\/div>\n\n\t\t\t\t\n\t\t\t\t\t<div class=\"swiper-slide\">\n\t\t\t\t\t\t<figure class=\"slider-image\" >\n\t\t\t\t\t\t\t<img width=\"1920\" height=\"700\"\t\t\t\t\t\t\t\t\tsrc=\"https:\/\/natursert.com.tr\/wp-content\/uploads\/2023\/01\/12.jpg\"\n\t\t\t\t\t\t\t\t\talt=\"\"\n\t\t\t\t\t\t\t\t\ttitle=\"\"\/>\n\t\t\t\t\t\t\t<div class=\"overlay\"><\/div>\n\t\t\t\t\t\t<\/figure>\n\t\t\t\t\t\t<div class=\"slider-content\">\n\t\t\t\t\t\t\t<div class=\"tg-container\">\n\t\t\t\t\t\t\t\t<div class=\"caption-title\"><\/div>\n\t\t\t\t\t\t\t\t<div class=\"caption-desc\"><\/div>\n\t\t\t\t\t\t\t\t\t\t\t\t\t\t\t<\/div>\n\t\t\t\t\t\t<\/div>\n\t\t\t\t\t<\/div>\n\n\t\t\t\t\n\t\t\t\t\t<div class=\"swiper-slide\">\n\t\t\t\t\t\t<figure class=\"slider-image\" >\n\t\t\t\t\t\t\t<img width=\"1920\" height=\"700\"\t\t\t\t\t\t\t\t\tsrc=\"https:\/\/natursert.com.tr\/wp-content\/uploads\/2023\/01\/9.jpg\"\n\t\t\t\t\t\t\t\t\talt=\"\"\n\t\t\t\t\t\t\t\t\ttitle=\"\"\/>\n\t\t\t\t\t\t\t<div class=\"overlay\"><\/div>\n\t\t\t\t\t\t<\/figure>\n\t\t\t\t\t\t<div class=\"slider-content\">\n\t\t\t\t\t\t\t<div class=\"tg-container\">\n\t\t\t\t\t\t\t\t<div class=\"caption-title\"><\/div>\n\t\t\t\t\t\t\t\t<div class=\"caption-desc\"><\/div>\n\t\t\t\t\t\t\t\t\t\t\t\t\t\t\t<\/div>\n\t\t\t\t\t\t<\/div>\n\t\t\t\t\t<\/div>\n\n\t\t\t\t\n\t\t\t\t\t<div class=\"swiper-slide\">\n\t\t\t\t\t\t<figure class=\"slider-image\" >\n\t\t\t\t\t\t\t<img width=\"1920\" height=\"700\"\t\t\t\t\t\t\t\t\tsrc=\"https:\/\/natursert.com.tr\/wp-content\/uploads\/2023\/01\/15.jpg\"\n\t\t\t\t\t\t\t\t\talt=\"\"\n\t\t\t\t\t\t\t\t\ttitle=\"\"\/>\n\t\t\t\t\t\t\t<div class=\"overlay\"><\/div>\n\t\t\t\t\t\t<\/figure>\n\t\t\t\t\t\t<div class=\"slider-content\">\n\t\t\t\t\t\t\t<div class=\"tg-container\">\n\t\t\t\t\t\t\t\t<div class=\"caption-title\"><\/div>\n\t\t\t\t\t\t\t\t<div class=\"caption-desc\"><\/div>\n\t\t\t\t\t\t\t\t\t\t\t\t\t\t\t<\/div>\n\t\t\t\t\t\t<\/div>\n\t\t\t\t\t<\/div>\n\n\t\t\t\t\t\t<\/div>\n\t\t<div class=\"swiper-pagination\"><\/div>\n\t\t<div class=\"slider-arrow\">\n\t\t\t<div class=\"swiper-button-next\"><\/div>\n\t\t\t<div class=\"swiper-button-prev\"><\/div>\n\t\t<\/div>\n\t<\/div>\n<\/div>\n<\/div><\/div><\/div><\/div><div id=\"pg-643-1\"  class=\"panel-grid panel-has-style\" ><div class=\"panel-row-style panel-row-style-for-643-1\" ><div id=\"pgc-643-1-0\"  class=\"panel-grid-cell\" ><div id=\"panel-643-1-0-0\" class=\"so-panel widget widget_themegrill_flash_service tg-widget tg-single-service panel-first-child\" data-index=\"1\" >\n<div class=\"tg-service-widget tg-service-layout-1\">\n\t<div class=\"service-wrapper\">\n\t\t<div class=\"service-icon-title-wrapper clearfix\">\n\t\t\t\t\t\t\t\t\t<figure class=\"service-image-wrap\"><img decoding=\"async\" src=\"https:\/\/natursert.com.tr\/wp-content\/uploads\/2023\/01\/ob.jpg\" \/><\/figure>\n\t\t\t\t\t\t\t\t\t<h3 class=\"service-title-wrap\">\n\t\t\t\t\t\t\t\t<a href=\"https:\/\/natursert.com.tr\/index.php\/organik-bitkisel-uretim\/\">\n\t\t\t\tOrganik Bitkisel \u00dcretim\t\t\t\t\t\t\t\t<\/a>\n\t\t\t\t\t\t\t<\/h3>\n\t\t\t\t\t<\/div>\n\t\t\t\t<div class=\"service-content-wrap\">Organik bitkisel \u00fcretimde topra\u011f\u0131n biyo\u00e7e\u015fitlili\u011fini geli\u015ftiren, topra\u011f\u0131n organik maddesini koruyan veya art\u0131ran, topra\u011f\u0131 s\u0131k\u0131\u015ft\u0131rmayan ve erozyonu engelleyen toprak i\u015fleme teknikleri kullan\u0131l\u0131r. Organik tar\u0131mda kullan\u0131lan \u00fcretim teknikleri \u00e7evre kirlili\u011fini..\n<\/div>\n\t\t\t\t\t\t<a class=\"service-more\" href=\"https:\/\/natursert.com.tr\/index.php\/organik-bitkisel-uretim\/\">Devam\u0131...<\/a>\n\t\t\t<\/div>\n<\/div>\n<\/div><div id=\"panel-643-1-0-1\" class=\"so-panel widget widget_themegrill_flash_service tg-widget tg-single-service\" data-index=\"2\" >\n<div class=\"tg-service-widget tg-service-layout-1\">\n\t<div class=\"service-wrapper\">\n\t\t<div class=\"service-icon-title-wrapper clearfix\">\n\t\t\t\t\t\t\t\t\t<figure class=\"service-image-wrap\"><img decoding=\"async\" src=\"https:\/\/natursert.com.tr\/wp-content\/uploads\/2023\/01\/oia.jpg\" \/><\/figure>\n\t\t\t\t\t\t\t\t\t<h3 class=\"service-title-wrap\">\n\t\t\t\t\t\t\t\t<a href=\"https:\/\/natursert.com.tr\/index.php\/organik-urunlerin-islenmesi-ve-ambalajlanmasi\/\">\n\t\t\t\tOrganik \u00dcr\u00fcnlerin \u0130\u015flenmesi ve Ambalajlanmas\u0131\t\t\t\t\t\t\t\t<\/a>\n\t\t\t\t\t\t\t<\/h3>\n\t\t\t\t\t<\/div>\n\t\t\t\t<div class=\"service-content-wrap\">\u0130\u015flenmi\u015f yem veya g\u0131da \u00fcreten m\u00fcte\u015febbisler veya fason i\u015fleyiciler kritik i\u015fleme basamaklar\u0131n\u0131n sistematik tan\u0131mlanmas\u0131na dayanan uygun prosed\u00fcrler olu\u015fturur ve bunlar\u0131 g\u00fcncellerler. Prosed\u00fcrlerin uygulanmas\u0131 i\u015flenmi\u015f...<\/div>\n\t\t\t\t\t\t<a class=\"service-more\" href=\"https:\/\/natursert.com.tr\/index.php\/organik-urunlerin-islenmesi-ve-ambalajlanmasi\/\">Devam\u0131...<\/a>\n\t\t\t<\/div>\n<\/div>\n<\/div><div id=\"panel-643-1-0-2\" class=\"so-panel widget widget_themegrill_flash_service tg-widget tg-single-service panel-last-child\" data-index=\"3\" >\n<div class=\"tg-service-widget tg-service-layout-1\">\n\t<div class=\"service-wrapper\">\n\t\t<div class=\"service-icon-title-wrapper clearfix\">\n\t\t\t\t\t\t\t\t\t<figure class=\"service-image-wrap\"><img decoding=\"async\" src=\"https:\/\/natursert.com.tr\/wp-content\/uploads\/2023\/01\/oa.jpg\" \/><\/figure>\n\t\t\t\t\t\t\t\t\t<h3 class=\"service-title-wrap\">\n\t\t\t\t\t\t\t\t<a href=\"https:\/\/natursert.com.tr\/index.php\/organik-aricilik\/\">\n\t\t\t\tOrganik Ar\u0131c\u0131l\u0131k\t\t\t\t\t\t\t\t<\/a>\n\t\t\t\t\t\t\t<\/h3>\n\t\t\t\t\t<\/div>\n\t\t\t\t<div class=\"service-content-wrap\">Irk se\u00e7iminde, ar\u0131lar\u0131n yerel ko\u015fullara adapte olabilme kapasitesi, dayan\u0131kl\u0131l\u0131klar\u0131 ve hastal\u0131klara kar\u015f\u0131 diren\u00e7leri g\u00f6z \u00f6n\u00fcne al\u0131n\u0131r. Apis mellifera t\u00fcr\u00fcn\u00fcn \u0131rklar\u0131 ve yerel ekotipleri tercih edilir.<\/div>\n\t\t\t\t\t\t<a class=\"service-more\" href=\"https:\/\/natursert.com.tr\/index.php\/organik-aricilik\/\">Devam\u0131...<\/a>\n\t\t\t<\/div>\n<\/div>\n<\/div><\/div><div id=\"pgc-643-1-1\"  class=\"panel-grid-cell\" ><div id=\"panel-643-1-1-0\" class=\"so-panel widget widget_themegrill_flash_service tg-widget tg-single-service panel-first-child\" data-index=\"4\" >\n<div class=\"tg-service-widget tg-service-layout-1\">\n\t<div class=\"service-wrapper\">\n\t\t<div class=\"service-icon-title-wrapper clearfix\">\n\t\t\t\t\t\t\t\t\t<figure class=\"service-image-wrap\"><img decoding=\"async\" src=\"https:\/\/natursert.com.tr\/wp-content\/uploads\/2023\/01\/obkh-1.jpg\" \/><\/figure>\n\t\t\t\t\t\t\t\t\t<h3 class=\"service-title-wrap\">\n\t\t\t\t\t\t\t\t<a href=\"https:\/\/natursert.com.tr\/index.php\/organik-buyukbas-kucukbas-uretimi\/\">\n\t\t\t\tOrganik B\u00fcy\u00fckba\u015f-K\u00fc\u00e7\u00fckba\u015f \u00dcretimi\t\t\t\t\t\t\t\t<\/a>\n\t\t\t\t\t\t\t<\/h3>\n\t\t\t\t\t<\/div>\n\t\t\t\t<div class=\"service-content-wrap\">Bir hayvanc\u0131l\u0131k i\u015fletmesi organik hayvanc\u0131l\u0131\u011fa ge\u00e7ti\u011finde; hayvanlar\u0131n beslenmesi i\u00e7in kullan\u0131lan t\u00fcm yem bitkilerinin \u00fcretildi\u011fi ekim alanlar\u0131nda, Organik Tar\u0131m Y\u00f6netmeli\u011fi\u2019nin bitkisel \u00fcretim k\u0131sm\u0131nda belirtilen organik tar\u0131m kurallar\u0131 ge\u00e7erlidir. <\/div>\n\t\t\t\t\t\t<a class=\"service-more\" href=\"https:\/\/natursert.com.tr\/index.php\/organik-buyukbas-kucukbas-uretimi\/\">Devam\u0131...<\/a>\n\t\t\t<\/div>\n<\/div>\n<\/div><div id=\"panel-643-1-1-1\" class=\"so-panel widget widget_themegrill_flash_service tg-widget tg-single-service panel-last-child\" data-index=\"5\" >\n<div class=\"tg-service-widget tg-service-layout-1\">\n\t<div class=\"service-wrapper\">\n\t\t<div class=\"service-icon-title-wrapper clearfix\">\n\t\t\t\t\t\t\t\t\t<figure class=\"service-image-wrap\"><img decoding=\"async\" src=\"https:\/\/natursert.com.tr\/wp-content\/uploads\/2023\/01\/ot.jpg\" \/><\/figure>\n\t\t\t\t\t\t\t\t\t<h3 class=\"service-title-wrap\">\n\t\t\t\t\t\t\t\t<a href=\"https:\/\/natursert.com.tr\/index.php\/organik-urunlerin-tasinmasi\/\">\n\t\t\t\tOrganik \u00dcr\u00fcnlerin Ta\u015f\u0131nmas\u0131 ve Depolanmas\u0131\t\t\t\t\t\t\t\t<\/a>\n\t\t\t\t\t\t\t<\/h3>\n\t\t\t\t\t<\/div>\n\t\t\t\t<div class=\"service-content-wrap\">Organik \u00fcr\u00fcnlerin, depolama alanlar\u0131, \u00fcr\u00fcnlerin tan\u0131nmas\u0131na imk\u00e2n verecek ve 10 A\u011fustos 2010 tarih 27676 Say\u0131l\u0131 Resmi Gazetede yay\u0131mlanan Organik Tar\u0131m\u0131n Esaslar\u0131 ve Uygulamas\u0131na \u0130li\u015fkin  Y\u00f6netmelik...<\/div>\n\t\t\t\t\t\t<a class=\"service-more\" href=\"https:\/\/natursert.com.tr\/index.php\/organik-urunlerin-tasinmasi\/\">Devam\u0131...<\/a>\n\t\t\t<\/div>\n<\/div>\n<\/div><\/div><div id=\"pgc-643-1-2\"  class=\"panel-grid-cell\" ><div id=\"panel-643-1-2-0\" class=\"so-panel widget widget_themegrill_flash_service tg-widget tg-single-service panel-first-child\" data-index=\"6\" >\n<div class=\"tg-service-widget tg-service-layout-1\">\n\t<div class=\"service-wrapper\">\n\t\t<div class=\"service-icon-title-wrapper clearfix\">\n\t\t\t\t\t\t\t\t\t<figure class=\"service-image-wrap\"><img decoding=\"async\" src=\"https:\/\/natursert.com.tr\/wp-content\/uploads\/2023\/01\/dt.jpg\" \/><\/figure>\n\t\t\t\t\t\t\t\t\t<h3 class=\"service-title-wrap\">\n\t\t\t\t\t\t\t\t<a href=\"https:\/\/natursert.com.tr\/index.php\/dogadan-toplama\/\">\n\t\t\t\tDo\u011fadan Toplama\t\t\t\t\t\t\t\t<\/a>\n\t\t\t\t\t\t\t<\/h3>\n\t\t\t\t\t<\/div>\n\t\t\t\t<div class=\"service-content-wrap\">Toplama alan\u0131, toplama i\u015fleminin \u00fc\u00e7 y\u0131l \u00f6ncesine kadar bu Y\u00f6netmeli\u011fin Ek-1 ve Ek-2\u2019 sinde yer alan \u00fcr\u00fcnler d\u0131\u015f\u0131ndaki \u00fcr\u00fcnlerle muamele edilmemi\u015f olmal\u0131d\u0131r.Toplama alan\u0131 son iki y\u0131l i\u00e7inde yang\u0131n ge\u00e7irmemi\u015f olmal\u0131d\u0131r.<\/div>\n\t\t\t\t\t\t<a class=\"service-more\" href=\"https:\/\/natursert.com.tr\/index.php\/dogadan-toplama\/\">Devam\u0131...<\/a>\n\t\t\t<\/div>\n<\/div>\n<\/div><div id=\"panel-643-1-2-1\" class=\"so-panel widget widget_themegrill_flash_service tg-widget tg-single-service panel-last-child\" data-index=\"7\" >\n<div class=\"tg-service-widget tg-service-layout-1\">\n\t<div class=\"service-wrapper\">\n\t\t<div class=\"service-icon-title-wrapper clearfix\">\n\t\t\t\t\t\t\t\t\t<figure class=\"service-image-wrap\"><img decoding=\"async\" src=\"https:\/\/natursert.com.tr\/wp-content\/uploads\/2023\/01\/obk.jpg\" \/><\/figure>\n\t\t\t\t\t\t\t\t\t<h3 class=\"service-title-wrap\">\n\t\t\t\t\t\t\t\t<a href=\"https:\/\/natursert.com.tr\/index.php\/organik-kanatli-hayvan-uretimi\/\">\n\t\t\t\tOrganik Kanatl\u0131 Hayvan \u00dcretimi\t\t\t\t\t\t\t\t<\/a>\n\t\t\t\t\t\t\t<\/h3>\n\t\t\t\t\t<\/div>\n\t\t\t\t<div class=\"service-content-wrap\">Bir kanatl\u0131 i\u015fletmesi organik kanatl\u0131 hayvanc\u0131l\u0131\u011f\u0131na ge\u00e7ti\u011finde, hayvanlar\u0131n beslenmesi i\u00e7in kullan\u0131lan t\u00fcm yem bitkileri ekim alanlar\u0131nda, ilgili organik tar\u0131m mevzuatlar\u0131n\u0131n bitkisel ... <\/div>\n\t\t\t\t\t\t<a class=\"service-more\" href=\"https:\/\/natursert.com.tr\/index.php\/organik-kanatli-hayvan-uretimi\/\">Devam\u0131...<\/a>\n\t\t\t<\/div>\n<\/div>\n<\/div><\/div><\/div><\/div><\/div>","protected":false},"excerpt":{"rendered":"<p>Organik Bitkisel \u00dcretim Organik bitkisel \u00fcretimde topra\u011f\u0131n biyo\u00e7e\u015fitlili\u011fini geli\u015ftiren, topra\u011f\u0131n organik maddesini koruyan veya art\u0131ran, topra\u011f\u0131 s\u0131k\u0131\u015ft\u0131rmayan ve erozyonu engelleyen [&hellip;]<\/p>\n","protected":false},"author":1,"featured_media":0,"parent":0,"menu_order":0,"comment_status":"closed","ping_status":"closed","template":"page-templates\/pagebuilder.php","meta":{"footnotes":""},"class_list":["post-643","page","type-page","status-publish","hentry"],"_links":{"self":[{"href":"https:\/\/natursert.com.tr\/index.php\/wp-json\/wp\/v2\/pages\/643","targetHints":{"allow":["GET"]}}],"collection":[{"href":"https:\/\/natursert.com.tr\/index.php\/wp-json\/wp\/v2\/pages"}],"about":[{"href":"https:\/\/natursert.com.tr\/index.php\/wp-json\/wp\/v2\/types\/page"}],"author":[{"embeddable":true,"href":"https:\/\/natursert.com.tr\/index.php\/wp-json\/wp\/v2\/users\/1"}],"replies":[{"embeddable":true,"href":"https:\/\/natursert.com.tr\/index.php\/wp-json\/wp\/v2\/comments?post=643"}],"version-history":[{"count":96,"href":"https:\/\/natursert.com.tr\/index.php\/wp-json\/wp\/v2\/pages\/643\/revisions"}],"predecessor-version":[{"id":1102,"href":"https:\/\/natursert.com.tr\/index.php\/wp-json\/wp\/v2\/pages\/643\/revisions\/1102"}],"wp:attachment":[{"href":"https:\/\/natursert.com.tr\/index.php\/wp-json\/wp\/v2\/media?parent=643"}],"curies":[{"name":"wp","href":"https:\/\/api.w.org\/{rel}","templated":true}]}}