{"id":1082,"date":"2023-01-27T16:38:29","date_gmt":"2023-01-27T16:38:29","guid":{"rendered":"https:\/\/natursert.com.tr\/p2\/?page_id=1082"},"modified":"2023-01-27T16:38:36","modified_gmt":"2023-01-27T16:38:36","slug":"organik-urunlerin-tasinmasi","status":"publish","type":"page","link":"https:\/\/natursert.com.tr\/index.php\/organik-urunlerin-tasinmasi\/","title":{"rendered":"Organik \u00dcr\u00fcnlerin Ta\u015f\u0131nmas\u0131"},"content":{"rendered":"<p>GENEL B\u0130LG\u0130LER<\/p>\n<p>Organik \u00fcr\u00fcnlerin depolanmas\u0131nda \u00f6ncelikle, T\u00fcrk G\u0131da Kodeksi Y\u00f6netmeli\u011finin G\u0131dalar\u0131n Ta\u015f\u0131nmas\u0131 ve Depolanmas\u0131 B\u00f6l\u00fcm\u00fcndeki kurallar\u0131 ile 30\/3\/2005 tarihli ve 25771 say\u0131l\u0131 Resm\u00ee Gazete\u2019de yay\u0131mlanan G\u0131da ve G\u0131da ile Temasta Bulunan Madde ve Malzemelerin Piyasa G\u00f6zetimi, Kontrol\u00fc ve Denetimi ile \u0130\u015fyeri Sorumluluklar\u0131na Dair Y\u00f6netmelik h\u00fck\u00fcmlerine uyulmas\u0131 gerekmektedir.<\/p>\n<p>&nbsp;<\/p>\n<p>Organik \u00fcr\u00fcnlerin, depolama alanlar\u0131, \u00fcr\u00fcnlerin tan\u0131nmas\u0131na imk\u00e2n verecek ve 10 A\u011fustos 2010 tarih 27676 Say\u0131l\u0131 Resmi Gazetede yay\u0131mlanan Organik Tar\u0131m\u0131n Esaslar\u0131 ve Uygulamas\u0131na \u0130li\u015fkin &nbsp;Y\u00f6netmelik kapsam\u0131nda uygun bulunmayan ba\u015fka \u00fcr\u00fcnlerle, maddelerle kar\u0131\u015fmaya ya da bula\u015fmaya meydan vermeyecek ve parti numaralar\u0131n\u0131n tan\u0131mlanmas\u0131n\u0131 sa\u011flayacak \u015fekilde d\u00fczenlenmeli ve organik \u00fcr\u00fcnlerin depoland\u0131\u011f\u0131 alanlarda kullan\u0131lan yal\u0131t\u0131m malzemeleri ve so\u011futma ile ilgili ekipmanlar bu ama\u00e7 g\u00f6zetilerek se\u00e7ilmelidir. \u0130\u015fleme \u00f6ncesi ve sonras\u0131 organik \u00fcr\u00fcnlerin organik olmayan \u00fcr\u00fcnlerden ayr\u0131 bir yerde veya ayr\u0131 zamanda depolanmas\u0131 gerekmektedir.<\/p>\n<p>Ayr\u0131 olarak depolaman\u0131n m\u00fcmk\u00fcn olmad\u0131\u011f\u0131 durumlarda m\u00fcte\u015febbis organik \u00fcr\u00fcnlerle konvansiyonel \u00fcr\u00fcnlerin kar\u0131\u015fmas\u0131n\u0131 engelleyecek tedbirler al\u0131r.<\/p>\n<p>&nbsp;<\/p>\n<p>Organik \u00fcr\u00fcn depolamas\u0131 \u00f6ncesinde uygun temizlik \u00f6nlemleri al\u0131nmal\u0131, bunlar\u0131n etkinli\u011fi kontrol edilerek, kay\u0131tlar\u0131n m\u00fcte\u015febbis taraf\u0131ndan mutlaka tutulmas\u0131 gerekmektedir.<\/p>\n<p>Organik \u00fcr\u00fcnlerin depolanmas\u0131 s\u0131ras\u0131nda \u00fcr\u00fcn\u00fcn organik \u00f6zelli\u011fini kaybettirecek ila\u00e7 ve ila\u00e7lama<\/p>\n<p>y\u00f6ntemi kullan\u0131lmaz.<\/p>\n<p>&nbsp;<\/p>\n<p>M\u00fcte\u015febbis taraf\u0131ndan depolama ko\u015fullar\u0131 ile depolanan organik \u00fcr\u00fcn\u00fcn giri\u015f ve \u00e7\u0131k\u0131\u015f miktarlar\u0131 ve tarihine ili\u015fkin kay\u0131tlar\u0131n d\u00fczenli olarak tutulmas\u0131 gerekir. M\u00fcte\u015febbis taraf\u0131ndan imzalanan bu kay\u0131tlar yetkilendirilmi\u015f kurulu\u015fa onaylat\u0131l\u0131r ve \u00e7izelgenin bir n\u00fcshas\u0131 m\u00fcte\u015febbis taraf\u0131ndan, di\u011fer n\u00fcshas\u0131 ise yetkilendirilmi\u015f kurulu\u015f taraf\u0131ndan saklan\u0131r.<\/p>\n","protected":false},"excerpt":{"rendered":"<p>GENEL B\u0130LG\u0130LER Organik \u00fcr\u00fcnlerin depolanmas\u0131nda \u00f6ncelikle, T\u00fcrk G\u0131da Kodeksi Y\u00f6netmeli\u011finin G\u0131dalar\u0131n Ta\u015f\u0131nmas\u0131 ve Depolanmas\u0131 B\u00f6l\u00fcm\u00fcndeki kurallar\u0131 ile 30\/3\/2005 tarihli ve [&hellip;]<\/p>\n","protected":false},"author":1,"featured_media":0,"parent":0,"menu_order":0,"comment_status":"closed","ping_status":"closed","template":"","meta":{"footnotes":""},"class_list":["post-1082","page","type-page","status-publish","hentry"],"_links":{"self":[{"href":"https:\/\/natursert.com.tr\/index.php\/wp-json\/wp\/v2\/pages\/1082","targetHints":{"allow":["GET"]}}],"collection":[{"href":"https:\/\/natursert.com.tr\/index.php\/wp-json\/wp\/v2\/pages"}],"about":[{"href":"https:\/\/natursert.com.tr\/index.php\/wp-json\/wp\/v2\/types\/page"}],"author":[{"embeddable":true,"href":"https:\/\/natursert.com.tr\/index.php\/wp-json\/wp\/v2\/users\/1"}],"replies":[{"embeddable":true,"href":"https:\/\/natursert.com.tr\/index.php\/wp-json\/wp\/v2\/comments?post=1082"}],"version-history":[{"count":2,"href":"https:\/\/natursert.com.tr\/index.php\/wp-json\/wp\/v2\/pages\/1082\/revisions"}],"predecessor-version":[{"id":1084,"href":"https:\/\/natursert.com.tr\/index.php\/wp-json\/wp\/v2\/pages\/1082\/revisions\/1084"}],"wp:attachment":[{"href":"https:\/\/natursert.com.tr\/index.php\/wp-json\/wp\/v2\/media?parent=1082"}],"curies":[{"name":"wp","href":"https:\/\/api.w.org\/{rel}","templated":true}]}}