{"id":1063,"date":"2023-01-27T16:28:46","date_gmt":"2023-01-27T16:28:46","guid":{"rendered":"https:\/\/natursert.com.tr\/p2\/?page_id=1063"},"modified":"2023-01-27T16:28:46","modified_gmt":"2023-01-27T16:28:46","slug":"dogadan-toplama","status":"publish","type":"page","link":"https:\/\/natursert.com.tr\/index.php\/dogadan-toplama\/","title":{"rendered":"Do\u011fadan Toplama"},"content":{"rendered":"<p>GENEL B\u0130LG\u0130LER<\/p>\n<p>&nbsp;<\/p>\n<p>Toplama alan\u0131, toplama i\u015fleminin \u00fc\u00e7 y\u0131l \u00f6ncesine kadar bu Y\u00f6netmeli\u011fin Ek-1 ve Ek-2\u2019 sinde yer alan \u00fcr\u00fcnler d\u0131\u015f\u0131ndaki \u00fcr\u00fcnlerle muamele edilmemi\u015f olmal\u0131d\u0131r.<\/p>\n<p>Toplama alan\u0131 son iki y\u0131l i\u00e7inde yang\u0131n ge\u00e7irmemi\u015f olmal\u0131d\u0131r.<\/p>\n<p>Toplama alan\u0131ndaki do\u011fal ya\u015fam dengesinin ve t\u00fcrlerin korunmas\u0131 sa\u011flan\u0131r.<\/p>\n<p>Do\u011fadan toplanan \u00fcr\u00fcnlerde ge\u00e7i\u015f s\u00fcreci uygulanmaz.<\/p>\n<p>Toplamadan \u00f6nce ilgili kurulu\u015flardan gerekli iznin al\u0131nmas\u0131 ve yukar\u0131daki bilgilerin teyit edilmi\u015f olmas\u0131 gerekir.<\/p>\n<p>Hasat s\u0131ras\u0131nda \u00a0kullan\u0131lan teknik ara\u00e7 ve gere\u00e7lerin ekolojik tahribat ve kirlilik olu\u015fturmamas\u0131 gerekir.<\/p>\n<p>Elle toplama materyalleri \u00fcr\u00fcn\u00fcn organik \u00f6zellli\u011fini bozmayacak yap\u0131da olmal\u0131d\u0131r. Toplama materyalleri hijyenik olmal\u0131d\u0131r<\/p>\n","protected":false},"excerpt":{"rendered":"<p>GENEL B\u0130LG\u0130LER &nbsp; Toplama alan\u0131, toplama i\u015fleminin \u00fc\u00e7 y\u0131l \u00f6ncesine kadar bu Y\u00f6netmeli\u011fin Ek-1 ve Ek-2\u2019 sinde yer alan \u00fcr\u00fcnler [&hellip;]<\/p>\n","protected":false},"author":1,"featured_media":0,"parent":0,"menu_order":0,"comment_status":"closed","ping_status":"closed","template":"","meta":{"footnotes":""},"class_list":["post-1063","page","type-page","status-publish","hentry"],"_links":{"self":[{"href":"https:\/\/natursert.com.tr\/index.php\/wp-json\/wp\/v2\/pages\/1063","targetHints":{"allow":["GET"]}}],"collection":[{"href":"https:\/\/natursert.com.tr\/index.php\/wp-json\/wp\/v2\/pages"}],"about":[{"href":"https:\/\/natursert.com.tr\/index.php\/wp-json\/wp\/v2\/types\/page"}],"author":[{"embeddable":true,"href":"https:\/\/natursert.com.tr\/index.php\/wp-json\/wp\/v2\/users\/1"}],"replies":[{"embeddable":true,"href":"https:\/\/natursert.com.tr\/index.php\/wp-json\/wp\/v2\/comments?post=1063"}],"version-history":[{"count":1,"href":"https:\/\/natursert.com.tr\/index.php\/wp-json\/wp\/v2\/pages\/1063\/revisions"}],"predecessor-version":[{"id":1064,"href":"https:\/\/natursert.com.tr\/index.php\/wp-json\/wp\/v2\/pages\/1063\/revisions\/1064"}],"wp:attachment":[{"href":"https:\/\/natursert.com.tr\/index.php\/wp-json\/wp\/v2\/media?parent=1063"}],"curies":[{"name":"wp","href":"https:\/\/api.w.org\/{rel}","templated":true}]}}