{"id":1054,"date":"2023-01-27T16:23:11","date_gmt":"2023-01-27T16:23:11","guid":{"rendered":"https:\/\/natursert.com.tr\/p2\/?page_id=1054"},"modified":"2023-01-27T16:23:11","modified_gmt":"2023-01-27T16:23:11","slug":"organik-kanatli-hayvan-uretimi","status":"publish","type":"page","link":"https:\/\/natursert.com.tr\/index.php\/organik-kanatli-hayvan-uretimi\/","title":{"rendered":"Organik Kanatl\u0131 Hayvan \u00dcretimi"},"content":{"rendered":"<p>GENEL B\u0130LG\u0130LER<\/p>\n<p>Bir kanatl\u0131 i\u015fletmesi organik kanatl\u0131 hayvanc\u0131l\u0131\u011f\u0131na ge\u00e7ti\u011finde, hayvanlar\u0131n beslenmesi i\u00e7in kullan\u0131lan t\u00fcm yem bitkileri ekim alanlar\u0131nda, ilgili organik tar\u0131m mevzuatlar\u0131n\u0131n bitkisel \u00fcretim k\u0131sm\u0131nda belirtilen organik tar\u0131m kurallar\u0131 ge\u00e7erlidir.<\/p>\n<p>Yem maddeleri, yem katk\u0131 maddeleri, yem i\u015flemeye mahsus yard\u0131mc\u0131 maddeler ve hayvan beslenmesinde kullan\u0131lan \u00fcr\u00fcnler; geneti\u011fi de\u011fi\u015ftirilmi\u015f organizmalar veya bunlardan elde edilmi\u015f \u00fcr\u00fcnler kullan\u0131larak \u00fcretilmi\u015f olamaz.<\/p>\n<p>A\u015f\u0131r\u0131 kalabal\u0131k nedeni ile hayvanlarda sa\u011fl\u0131k problemlerini \u00f6nlemek i\u00e7in k\u00fcmesin her b\u00f6lmesinde uygun say\u0131da hayvan konulmal\u0131d\u0131r K\u00fcmes i\u00e7erisinde metrekarede maksimum 6 hayvan olacak \u015fekilde planlama yap\u0131lmal\u0131d\u0131r.<\/p>\n<p>Serbest gezinti alanlar\u0131, a\u00e7\u0131k hava gezinti alanlar\u0131 veya a\u00e7\u0131k bar\u0131nak alanlar\u0131; yerel hava ko\u015fullar\u0131na ve ilgili t\u00fcre ba\u011fl\u0131 olarak ya\u011fmura, r\u00fczgara, g\u00fcne\u015fe ve a\u015f\u0131r\u0131 s\u0131cakl\u0131\u011fa kar\u015f\u0131 yeterli korunma sa\u011flamal\u0131d\u0131r.<\/p>\n<p>Bar\u0131naklar hayvanlara rahat\u00e7a ve do\u011fal olarak durabilecekleri, kolayca yatabilecekleri, d\u00f6nebilecekleri, kendilerini temizleyebilecekleri, t\u00fcm do\u011fal pozisyonlar\u0131 alabilecekleri, gerinme ve kanat \u00e7\u0131rpma gibi t\u00fcm do\u011fal hareketleri yapabilecekleri yeterli b\u00fcy\u00fckl\u00fckte yer sa\u011flayacak \u015fekilde olmal\u0131d\u0131r.<\/p>\n<p>Kanatl\u0131lar a\u00e7\u0131k yeti\u015ftirme ko\u015fullar\u0131nda yeti\u015ftirilmelidir ve kafeslerde tutulmamal\u0131d\u0131rlar. Su kanatl\u0131lar\u0131 iklim \u015fartlar\u0131n\u0131n elverdi\u011fi s\u00fcrece hayvan\u0131n refah\u0131 veya hijyen \u015fartlar\u0131 nedeniyle akarsulara, g\u00f6let veya g\u00f6llere eri\u015febilmelidirler.<\/p>\n<p>Sa\u011fl\u0131k nedenleriyle, iki yeti\u015ftirme d\u00f6nemi aras\u0131nda k\u00fcmesler bo\u015f b\u0131rak\u0131l\u0131r, bu s\u00fcre i\u00e7erisinde binalar ve tesisat temizlenir ve izin verilen maddelerle dezenfekte edilir. Ayr\u0131ca, her kanatl\u0131 grubunun yeti\u015ftirilmesi tamamland\u0131\u011f\u0131nda gezinti alanlar\u0131 sa\u011fl\u0131k nedeniyle bo\u015f b\u0131rak\u0131larak, bitki \u00f6rt\u00fcs\u00fcn\u00fcn yeniden geli\u015fmesine imk\u00e2n verilir. Bu gereklilik bar\u0131naklarda tutulmayan ve g\u00fcn boyunca serbest\u00e7e gezinen az say\u0131daki kanatl\u0131lara uygulanmaz.<\/p>\n<p>Her kanatl\u0131 bar\u0131na\u011f\u0131nda a\u015fa\u011f\u0131dakilerden fazla hayvan bar\u0131nd\u0131r\u0131lamaz:<\/p>\n<p>4800 adet etlik pili\u00e7,<\/p>\n<p>3000 adet yumurta tavu\u011fu,<\/p>\n<p>5200 adet afrika tavu\u011fu,<\/p>\n<p>4000 adet di\u015fi muskovi veya pekin \u00f6rde\u011fi,<\/p>\n<p>3200 adet erkek muskovi veya pekin \u00f6rde\u011fi ile di\u011fer \u00f6rdekler,<\/p>\n<p>2500 adet horoz, kaz veya hindi.<\/p>\n<p>&nbsp;<\/p>\n<p>Yo\u011fun yeti\u015ftiricilik y\u00f6ntemlerinin kullan\u0131m\u0131n\u0131 engellemek i\u00e7in kanatl\u0131lar ya asgari bir ya\u015fa eri\u015finceye kadar beslenirler ya da yava\u015f geli\u015fen kanatl\u0131 genotipleri se\u00e7ilir. Yava\u015f geli\u015fen kanatl\u0131 genotiplerinin i\u015fletmeci taraf\u0131ndan kullan\u0131lmad\u0131\u011f\u0131 yerlerde kesim a\u015fa\u011f\u0131daki asgari ya\u015flarda olur.<\/p>\n<p>Tavuklar 81 g\u00fcnl\u00fck,<\/p>\n<p>Et horozlar\u0131 150 g\u00fcnl\u00fck,<\/p>\n<p>Pekin \u00f6rde\u011fi 49 g\u00fcnl\u00fck,<\/p>\n<p>Di\u015fi muskovi \u00f6rde\u011fi 70 g\u00fcnl\u00fck,<\/p>\n<p>Erkek muskovi \u00f6rde\u011fi 84 g\u00fcnl\u00fck,<\/p>\n<p>Yaban \u00f6rde\u011fi 92 g\u00fcnl\u00fck,<\/p>\n<p>Afrika tavu\u011fu 94 g\u00fcnl\u00fck,<\/p>\n<p>Erkek hindi ve kaz 140 g\u00fcnl\u00fck,<\/p>\n<p>Di\u015fi hindiler 100 g\u00fcnl\u00fck.<\/p>\n<p>&nbsp;<\/p>\n<p>K\u00fcmesler a\u015fa\u011f\u0131daki asgari \u015fartlar\u0131 kar\u015f\u0131lar<\/p>\n<p>Zeminin asgari 1\/3\u2019\u00fc, par\u00e7al\u0131 veya \u0131zgaral\u0131 yap\u0131da de\u011fil, d\u00fcz bir yap\u0131da olmal\u0131 ve sap-saman, tala\u015f, kum veya k\u0131sa \u00e7im gibi maddelerle kapl\u0131 olmal\u0131d\u0131r.<\/p>\n<p>Yumurta tavu\u011fu k\u00fcmeslerinde zeminin 1\/2\u2019sinden fazlas\u0131 d\u0131\u015fk\u0131 toplanmas\u0131na elveri\u015fli olur.<\/p>\n<p>T\u00fcnek, kanatl\u0131 grubu ve kanatl\u0131 b\u00fcy\u00fckl\u00fc\u011f\u00fc ile orant\u0131l\u0131 olmal\u0131d\u0131r.<\/p>\n<p>Kanatl\u0131n\u0131n b\u00fcy\u00fckl\u00fc\u011f\u00fcne g\u00f6re giri\u015f\/\u00e7\u0131k\u0131\u015f delikleri olmal\u0131 ve bu delikler kanatl\u0131 bar\u0131na\u011f\u0131n\u0131n her 100 m2 si i\u00e7in asgari toplam 4 m uzunlukta olmal\u0131d\u0131r.<\/p>\n","protected":false},"excerpt":{"rendered":"<p>GENEL B\u0130LG\u0130LER Bir kanatl\u0131 i\u015fletmesi organik kanatl\u0131 hayvanc\u0131l\u0131\u011f\u0131na ge\u00e7ti\u011finde, hayvanlar\u0131n beslenmesi i\u00e7in kullan\u0131lan t\u00fcm yem bitkileri ekim alanlar\u0131nda, ilgili organik [&hellip;]<\/p>\n","protected":false},"author":1,"featured_media":0,"parent":0,"menu_order":0,"comment_status":"closed","ping_status":"closed","template":"","meta":{"footnotes":""},"class_list":["post-1054","page","type-page","status-publish","hentry"],"_links":{"self":[{"href":"https:\/\/natursert.com.tr\/index.php\/wp-json\/wp\/v2\/pages\/1054","targetHints":{"allow":["GET"]}}],"collection":[{"href":"https:\/\/natursert.com.tr\/index.php\/wp-json\/wp\/v2\/pages"}],"about":[{"href":"https:\/\/natursert.com.tr\/index.php\/wp-json\/wp\/v2\/types\/page"}],"author":[{"embeddable":true,"href":"https:\/\/natursert.com.tr\/index.php\/wp-json\/wp\/v2\/users\/1"}],"replies":[{"embeddable":true,"href":"https:\/\/natursert.com.tr\/index.php\/wp-json\/wp\/v2\/comments?post=1054"}],"version-history":[{"count":1,"href":"https:\/\/natursert.com.tr\/index.php\/wp-json\/wp\/v2\/pages\/1054\/revisions"}],"predecessor-version":[{"id":1055,"href":"https:\/\/natursert.com.tr\/index.php\/wp-json\/wp\/v2\/pages\/1054\/revisions\/1055"}],"wp:attachment":[{"href":"https:\/\/natursert.com.tr\/index.php\/wp-json\/wp\/v2\/media?parent=1054"}],"curies":[{"name":"wp","href":"https:\/\/api.w.org\/{rel}","templated":true}]}}