{"id":1050,"date":"2023-01-27T16:21:29","date_gmt":"2023-01-27T16:21:29","guid":{"rendered":"https:\/\/natursert.com.tr\/p2\/?page_id=1050"},"modified":"2023-01-27T16:21:29","modified_gmt":"2023-01-27T16:21:29","slug":"organik-buyukbas-kucukbas-uretimi","status":"publish","type":"page","link":"https:\/\/natursert.com.tr\/index.php\/organik-buyukbas-kucukbas-uretimi\/","title":{"rendered":"Organik B\u00fcy\u00fckba\u015f-K\u00fc\u00e7\u00fckba\u015f \u00dcretimi"},"content":{"rendered":"<p>GENEL B\u0130LG\u0130LER<\/p>\n<p>Bir hayvanc\u0131l\u0131k i\u015fletmesi organik hayvanc\u0131l\u0131\u011fa ge\u00e7ti\u011finde; hayvanlar\u0131n beslenmesi i\u00e7in kullan\u0131lan t\u00fcm yem bitkilerinin \u00fcretildi\u011fi ekim alanlar\u0131nda, Organik Tar\u0131m Y\u00f6netmeli\u011fi\u2019nin bitkisel \u00fcretim k\u0131sm\u0131nda belirtilen organik tar\u0131m kurallar\u0131 ge\u00e7erlidir.<\/p>\n<p>T\u00fcm hayvanlarda, organik hayvanc\u0131l\u0131kta yararlan\u0131lacak mera ve\/veya yem bitkileri ekilen arazilerin tamam\u0131nda organik tar\u0131m mevzuatlar\u0131nda belirtilen ge\u00e7i\u015f s\u00fcrecinin uygulanmas\u0131 zorunludur.<\/p>\n<p>Organik hayvanc\u0131l\u0131k yapacak i\u015fletmelerdeki hayvanlar, meralara veya a\u00e7\u0131k hava gezinti alanlar\u0131na veya a\u00e7\u0131k alanlara eri\u015febilmeli ve birim alan ba\u015f\u0131na d\u00fc\u015fen hayvan say\u0131s\u0131, \u00fcretim birimindeki bitkisel \u00fcretime yeterli hayvan g\u00fcbresi sa\u011flayabilecek \u015fekilde s\u0131n\u0131rl\u0131 olmal\u0131d\u0131r.<\/p>\n<p>Organik hayvanc\u0131l\u0131kta ayn\u0131 \u00fcretim biriminde bulunan t\u00fcm hayvanlar, Organik Tar\u0131m Y\u00f6netmelik h\u00fck\u00fcmlerine g\u00f6re yeti\u015ftirilmelidir. Ancak, bu Y\u00f6netmelik h\u00fck\u00fcmlerine uygun olarak yeti\u015ftirilmeyen hayvanlar, yeti\u015ftirildikleri binalar\u0131n ve arazilerin Organik Tar\u0131m Y\u00f6netmeli\u011fi kurallar\u0131na uygun olarak yeti\u015ftirme yap\u0131lan birimlerden a\u00e7\u0131k\u00e7a ayr\u0131 olmas\u0131 ve ayr\u0131 t\u00fcrlerin bulunmas\u0131 \u015fart\u0131yla ayn\u0131 i\u015fletmede bulunabilirler.<\/p>\n<p>Hayvanlar\u0131n bulundu\u011fu ah\u0131rlar ve a\u00e7\u0131k alanlar\u0131n da Organik Tar\u0131m Y\u00f6netmeli\u011fi\u2019nde belirtilen \u015fartlara uygun olmalar\u0131 gerekmektedir.<\/p>\n<p>Buza\u011f\u0131lar 1 haftal\u0131k ya\u015ftan sonra bireysel b\u00f6lmelerde tutulamaz.<\/p>\n<p>Organik hayvan yeti\u015ftiricili\u011fi ve hayvansal \u00fcretim yapan i\u015fletmeler, hayvanlar\u0131n giri\u015f ve \u00e7\u0131k\u0131\u015f\u0131 ve t\u00fcm tedavi uygulamalar\u0131 ile ilgili d\u00fczenli kay\u0131tlar\u0131 tutar.<\/p>\n<p>Organik hayvanc\u0131l\u0131\u011fa ba\u015fland\u0131\u011f\u0131nda ve bir s\u00fcr\u00fcn\u00fcn olu\u015fturulmas\u0131nda organik olarak yeti\u015ftirilmi\u015f hayvanlardan yeterli say\u0131da bulunam\u0131yorsa, konvansiyonel yeti\u015ftirilmi\u015f hayvanlar\u0131n organik hayvanc\u0131l\u0131\u011fa dahil edilmesi, Organik Tar\u0131m Y\u00f6netmeli\u011finde belirtilen \u015fartlara uyulmas\u0131 durumunda kontrol organ\u0131n\u0131n iznine ba\u011fl\u0131 olarak sa\u011flanabilir.<\/p>\n","protected":false},"excerpt":{"rendered":"<p>GENEL B\u0130LG\u0130LER Bir hayvanc\u0131l\u0131k i\u015fletmesi organik hayvanc\u0131l\u0131\u011fa ge\u00e7ti\u011finde; hayvanlar\u0131n beslenmesi i\u00e7in kullan\u0131lan t\u00fcm yem bitkilerinin \u00fcretildi\u011fi ekim alanlar\u0131nda, Organik Tar\u0131m [&hellip;]<\/p>\n","protected":false},"author":1,"featured_media":0,"parent":0,"menu_order":0,"comment_status":"closed","ping_status":"closed","template":"","meta":{"footnotes":""},"class_list":["post-1050","page","type-page","status-publish","hentry"],"_links":{"self":[{"href":"https:\/\/natursert.com.tr\/index.php\/wp-json\/wp\/v2\/pages\/1050","targetHints":{"allow":["GET"]}}],"collection":[{"href":"https:\/\/natursert.com.tr\/index.php\/wp-json\/wp\/v2\/pages"}],"about":[{"href":"https:\/\/natursert.com.tr\/index.php\/wp-json\/wp\/v2\/types\/page"}],"author":[{"embeddable":true,"href":"https:\/\/natursert.com.tr\/index.php\/wp-json\/wp\/v2\/users\/1"}],"replies":[{"embeddable":true,"href":"https:\/\/natursert.com.tr\/index.php\/wp-json\/wp\/v2\/comments?post=1050"}],"version-history":[{"count":1,"href":"https:\/\/natursert.com.tr\/index.php\/wp-json\/wp\/v2\/pages\/1050\/revisions"}],"predecessor-version":[{"id":1051,"href":"https:\/\/natursert.com.tr\/index.php\/wp-json\/wp\/v2\/pages\/1050\/revisions\/1051"}],"wp:attachment":[{"href":"https:\/\/natursert.com.tr\/index.php\/wp-json\/wp\/v2\/media?parent=1050"}],"curies":[{"name":"wp","href":"https:\/\/api.w.org\/{rel}","templated":true}]}}